{"id":64,"date":"2024-12-12T20:05:52","date_gmt":"2024-12-12T19:05:52","guid":{"rendered":"https:\/\/calin-crochete.ch\/?page_id=64"},"modified":"2024-12-17T21:33:22","modified_gmt":"2024-12-17T20:33:22","slug":"contact-us","status":"publish","type":"page","link":"https:\/\/calin-crochete.ch\/index.php\/contact-us\/","title":{"rendered":"Contactez-nous"},"content":{"rendered":"\n<p>Merci de l&#8217;int\u00e9r\u00eat que vous portez \u00e0 C\u00e2lin Crochet\u00e9 ! Nous sommes \u00e0 votre disposition pour r\u00e9pondre \u00e0 toutes vos questions concernant nos cr\u00e9ations crochet\u00e9es \u00e0 la main, vos commandes personnalis\u00e9es ou toute autre demande.<\/p>\n\n\n\n<p>N&#8217;h\u00e9sitez pas \u00e0 nous \u00e9crire \u00e0 l&#8217;adresse suivante : <strong><a href=\"mailto:info@calin-crochete.ch\">info@calin-crochete.ch<\/a><\/strong>, et nous vous r\u00e9pondrons dans les plus brefs d\u00e9lais.<\/p>\n\n\n\n<p>Au plaisir de vous lire !<\/p>\n\n\n\n<p>Chaleureusement,<br>L&#8217;\u00e9quipe de C\u00e2lin Crochet\u00e9<\/p>\n\n\n\n<p><\/p>\n","protected":false},"excerpt":{"rendered":"<p>Merci de l&#8217;int\u00e9r\u00eat que vous portez \u00e0 C\u00e2lin Crochet\u00e9 ! Nous sommes \u00e0 votre disposition [&hellip;]<\/p>\n","protected":false},"author":1,"featured_media":0,"parent":0,"menu_order":0,"comment_status":"closed","ping_status":"closed","template":"","meta":{"iawp_total_views":30,"footnotes":""},"class_list":["post-64","page","type-page","status-publish","hentry"],"_links":{"self":[{"href":"https:\/\/calin-crochete.ch\/index.php\/wp-json\/wp\/v2\/pages\/64","targetHints":{"allow":["GET"]}}],"collection":[{"href":"https:\/\/calin-crochete.ch\/index.php\/wp-json\/wp\/v2\/pages"}],"about":[{"href":"https:\/\/calin-crochete.ch\/index.php\/wp-json\/wp\/v2\/types\/page"}],"author":[{"embeddable":true,"href":"https:\/\/calin-crochete.ch\/index.php\/wp-json\/wp\/v2\/users\/1"}],"replies":[{"embeddable":true,"href":"https:\/\/calin-crochete.ch\/index.php\/wp-json\/wp\/v2\/comments?post=64"}],"version-history":[{"count":4,"href":"https:\/\/calin-crochete.ch\/index.php\/wp-json\/wp\/v2\/pages\/64\/revisions"}],"predecessor-version":[{"id":151,"href":"https:\/\/calin-crochete.ch\/index.php\/wp-json\/wp\/v2\/pages\/64\/revisions\/151"}],"wp:attachment":[{"href":"https:\/\/calin-crochete.ch\/index.php\/wp-json\/wp\/v2\/media?parent=64"}],"curies":[{"name":"wp","href":"https:\/\/api.w.org\/{rel}","templated":true}]}}